{"id":62,"date":"2014-02-11T22:39:30","date_gmt":"2014-02-11T20:39:30","guid":{"rendered":"http:\/\/www.kgv-kothener-wald.de\/?page_id=62"},"modified":"2026-02-28T19:06:35","modified_gmt":"2026-02-28T17:06:35","slug":"freie-gaerten","status":"publish","type":"page","link":"https:\/\/www.kgv-kothener-wald.de\/?page_id=62","title":{"rendered":"Freie G\u00e4rten"},"content":{"rendered":"<p>Zur Zeit ist\/ sind bei uns im Gartenverein:<\/p>\n<p><strong>4 G\u00e4rten frei:<\/strong><\/p>\n<p>Garten 11- wertermittelt, frei zur \u00dcbergabe<\/p>\n<p>Garten 43- wertermittelt, frei zur \u00dcbergabe<\/p>\n<p>Garten 36- noch nicht wertermittelt<\/p>\n<p>Garten 27-noch nicht wertermittelt<\/p>\n<p><a href=\"https:\/\/www.kgv-kothener-wald.de\/wp-content\/uploads\/2018\/10\/Lageplan-G\u00e4rten-KGV-Kothener-Wald.pdf\">Lageplan Verein<\/a><\/p>\n<p>Wir nehmen Sie aber auch gerne in unsere Warteliste auf.<\/p>\n<p>Bei Interesse sprechen Sie uns an oder schreiben uns eine Mail<\/p>\n<p>Letzte Aktualisierung: 28.02.2026<\/p>\n\n\n<p><a href=\"https:\/\/www.kgv-kothener-wald.de\/?page_id=482\">Hier geht`s zur Datenschutzerkl\u00e4rung:<\/a><\/p>\n\n\n\n<p><a href=\"https:\/\/www.kgv-kothener-wald.de\/?page_id=20\" title=\"\">Hier geht`s zum Impressum&#8230;<\/a><\/p>\n","protected":false},"excerpt":{"rendered":"<p>Zur Zeit ist\/ sind bei uns im Gartenverein: 4 G\u00e4rten frei: Garten 11- wertermittelt, frei zur \u00dcbergabe Garten 43- wertermittelt, frei zur \u00dcbergabe Garten 36- noch nicht wertermittelt Garten 27-noch nicht wertermittelt Lageplan Verein Wir nehmen Sie aber auch gerne in unsere Warteliste auf. Bei Interesse sprechen Sie uns an oder schreiben uns eine Mail [&hellip;]<\/p>\n","protected":false},"author":1,"featured_media":0,"parent":16,"menu_order":0,"comment_status":"open","ping_status":"closed","template":"","meta":{"_themeisle_gutenberg_block_has_review":false,"footnotes":""},"class_list":["post-62","page","type-page","status-publish","hentry"],"aioseo_notices":[],"_links":{"self":[{"href":"https:\/\/www.kgv-kothener-wald.de\/index.php?rest_route=\/wp\/v2\/pages\/62","targetHints":{"allow":["GET"]}}],"collection":[{"href":"https:\/\/www.kgv-kothener-wald.de\/index.php?rest_route=\/wp\/v2\/pages"}],"about":[{"href":"https:\/\/www.kgv-kothener-wald.de\/index.php?rest_route=\/wp\/v2\/types\/page"}],"author":[{"embeddable":true,"href":"https:\/\/www.kgv-kothener-wald.de\/index.php?rest_route=\/wp\/v2\/users\/1"}],"replies":[{"embeddable":true,"href":"https:\/\/www.kgv-kothener-wald.de\/index.php?rest_route=%2Fwp%2Fv2%2Fcomments&post=62"}],"version-history":[{"count":39,"href":"https:\/\/www.kgv-kothener-wald.de\/index.php?rest_route=\/wp\/v2\/pages\/62\/revisions"}],"predecessor-version":[{"id":2118,"href":"https:\/\/www.kgv-kothener-wald.de\/index.php?rest_route=\/wp\/v2\/pages\/62\/revisions\/2118"}],"up":[{"embeddable":true,"href":"https:\/\/www.kgv-kothener-wald.de\/index.php?rest_route=\/wp\/v2\/pages\/16"}],"wp:attachment":[{"href":"https:\/\/www.kgv-kothener-wald.de\/index.php?rest_route=%2Fwp%2Fv2%2Fmedia&parent=62"}],"curies":[{"name":"wp","href":"https:\/\/api.w.org\/{rel}","templated":true}]}}