{"id":2,"date":"2014-01-27T18:53:28","date_gmt":"2014-01-27T18:53:28","guid":{"rendered":"http:\/\/www.kgv-kothener-wald.de\/?page_id=2"},"modified":"2024-05-01T20:53:38","modified_gmt":"2024-05-01T18:53:38","slug":"beispiel-seite","status":"publish","type":"page","link":"https:\/\/www.kgv-kothener-wald.de\/?page_id=2","title":{"rendered":"Unser Verein&#8230;"},"content":{"rendered":"<p>Im S\u00fcden von Barmen liegt unterhalb des Kothener Waldes unsere Kleingartenanlage. Im Gebiet unseres Vereins liegen 66\u00a0 G\u00e4rten, die Wege in unserer Anlage werden gerne von Spazierg\u00e4ngern\u00a0 benutzt , die im und um den Kothener Wald Ihre Erholung suchen. Die Aussicht vom Hang bietet einen hervorragenden \u00dcberblick \u00fcber gro\u00dfe Teile des Barmer Tals. Kommen Sie doch zu einem Spaziergang vorbei und genie\u00dfen Sie am Wochenende eine Tasse Kaffee und ein St\u00fcck Kuchen in unserem gem\u00fctlichen Vereinshaus<\/p>\n<p>Zu allen Fragen rund um unser Vereinshaus sprechen oder schreiben Sie bitte unseren Vorstandsvorsitzenden, Herrn Banowski an . Sie erreichen Ihn per Mail unter &#8222;kothenerwald@unitybox.de&#8220; oder fast jeden Sonntag um 12.00 Uhr im Vereinshaus.<\/p>\n<p>Telefonisch k\u00f6nnen Sie Herrn Banowski unter 0202 2802276 erreichen.<\/p>\n<p>Freie G\u00e4rten finden Sie unter &#8222;Aktuelles&#8220;<\/p>\n<p><a href=\"https:\/\/www.kgv-kothener-wald.de\/wp-content\/uploads\/2018\/10\/Lageplan-G\u00e4rten-KGV-Kothener-Wald.pdf\">Lageplan Verein<\/a><\/p>\n<p><a href=\"https:\/\/www.kgv-kothener-wald.de\/?page_id=482\" data-wplink-url-error=\"true\">Hier geht`s zur Datenschutzerkl\u00e4rung:<\/a><\/p>\n<p><a title=\"\" href=\"https:\/\/www.kgv-kothener-wald.de\/?page_id=20\">Hier geht`s zum Impressum&#8230;<\/a><\/p>\n","protected":false},"excerpt":{"rendered":"<p>Im S\u00fcden von Barmen liegt unterhalb des Kothener Waldes unsere Kleingartenanlage. Im Gebiet unseres Vereins liegen 66\u00a0 G\u00e4rten, die Wege in unserer Anlage werden gerne von Spazierg\u00e4ngern\u00a0 benutzt , die im und um den Kothener Wald Ihre Erholung suchen. Die Aussicht vom Hang bietet einen hervorragenden \u00dcberblick \u00fcber gro\u00dfe Teile des Barmer Tals. Kommen Sie [&hellip;]<\/p>\n","protected":false},"author":1,"featured_media":0,"parent":0,"menu_order":1,"comment_status":"open","ping_status":"closed","template":"","meta":{"_themeisle_gutenberg_block_has_review":false,"footnotes":""},"class_list":["post-2","page","type-page","status-publish","hentry"],"aioseo_notices":[],"_links":{"self":[{"href":"https:\/\/www.kgv-kothener-wald.de\/index.php?rest_route=\/wp\/v2\/pages\/2","targetHints":{"allow":["GET"]}}],"collection":[{"href":"https:\/\/www.kgv-kothener-wald.de\/index.php?rest_route=\/wp\/v2\/pages"}],"about":[{"href":"https:\/\/www.kgv-kothener-wald.de\/index.php?rest_route=\/wp\/v2\/types\/page"}],"author":[{"embeddable":true,"href":"https:\/\/www.kgv-kothener-wald.de\/index.php?rest_route=\/wp\/v2\/users\/1"}],"replies":[{"embeddable":true,"href":"https:\/\/www.kgv-kothener-wald.de\/index.php?rest_route=%2Fwp%2Fv2%2Fcomments&post=2"}],"version-history":[{"count":12,"href":"https:\/\/www.kgv-kothener-wald.de\/index.php?rest_route=\/wp\/v2\/pages\/2\/revisions"}],"predecessor-version":[{"id":1908,"href":"https:\/\/www.kgv-kothener-wald.de\/index.php?rest_route=\/wp\/v2\/pages\/2\/revisions\/1908"}],"wp:attachment":[{"href":"https:\/\/www.kgv-kothener-wald.de\/index.php?rest_route=%2Fwp%2Fv2%2Fmedia&parent=2"}],"curies":[{"name":"wp","href":"https:\/\/api.w.org\/{rel}","templated":true}]}}