{"id":16,"date":"2014-02-11T22:05:16","date_gmt":"2014-02-11T20:05:16","guid":{"rendered":"http:\/\/www.kgv-kothener-wald.de\/?page_id=16"},"modified":"2025-04-04T09:36:03","modified_gmt":"2025-04-04T07:36:03","slug":"aktuelles","status":"publish","type":"page","link":"https:\/\/www.kgv-kothener-wald.de\/?page_id=16","title":{"rendered":"Aktuelles"},"content":{"rendered":"<p>Auf dieser Seite finden sie aktuelle Themen und Termine<\/p>\n<p><span style=\"color: #ff0000;\"><b>\u00d6ffnungszeiten der Schranke 2025<\/b><\/span><\/p>\n<p>April 2025- September 2025\u00a0 Freitag 7.00 Uhr bis Samstag 13.00 Uhr ge\u00f6ffnet<\/p>\n<p>Neu : Dienstag 08:00 -20:00 Uhr ge\u00f6ffnet<\/p>\n<p>verantwortlich f\u00fcr \u00d6ffnen\/Schlie\u00dfen: Mai, Juli, September- KGV Kothener Wald<\/p>\n<p>April,Juni,August,Oktober- KGV Kothen<\/p>\n\n\n<p><strong>Aktuelle Termine : <\/strong><\/p>\n\n\n\n<p>Sommerfest im Verein: 05.07.2025 &#8211; es werden noch Helfer gesucht<\/p>\n\n\n\n<p><a href=\"https:\/\/www.kgv-kothener-wald.de\/?page_id=482\">Hier geht`s zur Datenschutzerkl\u00e4rung:<\/a><\/p>\n\n\n\n<p><a href=\"https:\/\/www.kgv-kothener-wald.de\/?page_id=20\" title=\"\">Hier geht`s zum Impressum&#8230;<\/a><\/p>\n","protected":false},"excerpt":{"rendered":"<p>Auf dieser Seite finden sie aktuelle Themen und Termine \u00d6ffnungszeiten der Schranke 2025 April 2025- September 2025\u00a0 Freitag 7.00 Uhr bis Samstag 13.00 Uhr ge\u00f6ffnet Neu : Dienstag 08:00 -20:00 Uhr ge\u00f6ffnet verantwortlich f\u00fcr \u00d6ffnen\/Schlie\u00dfen: Mai, Juli, September- KGV Kothener Wald April,Juni,August,Oktober- KGV Kothen Aktuelle Termine : Sommerfest im Verein: 05.07.2025 &#8211; es werden noch [&hellip;]<\/p>\n","protected":false},"author":1,"featured_media":0,"parent":2,"menu_order":0,"comment_status":"open","ping_status":"closed","template":"","meta":{"_themeisle_gutenberg_block_has_review":false,"footnotes":""},"class_list":["post-16","page","type-page","status-publish","hentry"],"aioseo_notices":[],"_links":{"self":[{"href":"https:\/\/www.kgv-kothener-wald.de\/index.php?rest_route=\/wp\/v2\/pages\/16","targetHints":{"allow":["GET"]}}],"collection":[{"href":"https:\/\/www.kgv-kothener-wald.de\/index.php?rest_route=\/wp\/v2\/pages"}],"about":[{"href":"https:\/\/www.kgv-kothener-wald.de\/index.php?rest_route=\/wp\/v2\/types\/page"}],"author":[{"embeddable":true,"href":"https:\/\/www.kgv-kothener-wald.de\/index.php?rest_route=\/wp\/v2\/users\/1"}],"replies":[{"embeddable":true,"href":"https:\/\/www.kgv-kothener-wald.de\/index.php?rest_route=%2Fwp%2Fv2%2Fcomments&post=16"}],"version-history":[{"count":25,"href":"https:\/\/www.kgv-kothener-wald.de\/index.php?rest_route=\/wp\/v2\/pages\/16\/revisions"}],"predecessor-version":[{"id":2087,"href":"https:\/\/www.kgv-kothener-wald.de\/index.php?rest_route=\/wp\/v2\/pages\/16\/revisions\/2087"}],"up":[{"embeddable":true,"href":"https:\/\/www.kgv-kothener-wald.de\/index.php?rest_route=\/wp\/v2\/pages\/2"}],"wp:attachment":[{"href":"https:\/\/www.kgv-kothener-wald.de\/index.php?rest_route=%2Fwp%2Fv2%2Fmedia&parent=16"}],"curies":[{"name":"wp","href":"https:\/\/api.w.org\/{rel}","templated":true}]}}