{"id":124,"date":"2014-06-15T21:55:57","date_gmt":"2014-06-15T19:55:57","guid":{"rendered":"http:\/\/www.kgv-kothener-wald.de\/?page_id=124"},"modified":"2024-05-19T08:56:44","modified_gmt":"2024-05-19T06:56:44","slug":"unser-vereinshaus","status":"publish","type":"page","link":"https:\/\/www.kgv-kothener-wald.de\/?page_id=124","title":{"rendered":"Unser Vereinshaus&#8230;"},"content":{"rendered":"<p>Von weit her zu sehen liegt am Waldrand des Kothener Waldes unser Vereinshaus.<\/p>\n<p>Hier schmeckt der Kuchen am Sonntag Nachmittag und auch ein frisch gezapftes &#8222;Blondes&#8220; k\u00fchlt im Sommer manche Kehle.<\/p>\n<p>Die K\u00fcche bietet Platz f\u00fcr Vorbereitungen eines Buffets ebenso wie die M\u00f6glichkeit der Zubereitung kleinerer Snacks oder auch gr\u00f6\u00dferer Schmankerl. Die frisch renovierten und neu m\u00f6blierten Gastr\u00e4ume bieten Platz f\u00fcr entweder 30- 35 Personen im gro\u00dfen Gastraum oder bis zu 20 Personen im kleinen Gastraum.<\/p>\n<p><span style=\"color: #ff0000;\"><strong>Grunds\u00e4tzlich gilt aber: alle Getr\u00e4nke m\u00fcssen immer \u00fcber das Vereinshaus bezogen werden.<\/strong><\/span><\/p>\n<p>Dabei sind Ihren W\u00fcnschen jedoch keine Grenzen gesetzt..<\/p>\n<p>Sprechen Sie dazu bitte den Vorstand an.<\/p>\n<p>Unser Vereinshaus ist wie folgt ge\u00f6ffnet: In der Saison von M\u00e4rz bis November:<\/p>\n<p>Samstag von 10.00 Uhr -15:00 Uhr ,\u00a0 Sonntag und an Wochenfeiertagen: 12.00 Uhr bis 17.00 Uhr (bei Bedarf auch l\u00e4nger).<\/p>\n<p>In der restlichen Jahreszeit: Sonntag von 12.00 Uhr Stammtisch nach Lust und Laune.<\/p>\n<p><strong>Wegbeschreibung:<\/strong><\/p>\n<p>Wuppertal Barmen die Stra\u00dfe Bireneichen ganz hinauffahren, am Ende <strong>links in die Rudolf Steiner Strasse<\/strong>, an deren Ende <strong>rechts in die Einfahrt (Parkstreifen<\/strong> des \u201eGymnasiums am Kothen\u201c ), hier parken,\u00a0 dann bis zum Ende des Parkstreifens laufen, geradeaus in den Gartenweg zwischen den beiden Gartenvereinen \u201eKothener Wald\u201c und \u201eKothen\u201c gehen, jetzt entweder:<\/p>\n<p>direkt auf der rechten Seite die Treppe rauf und den zweiten Weg nach links abbiegen und bis zum Vereinshaus gehen oder :<\/p>\n<p>Wer keine Treppen steigen m\u00f6chte: nach ca. 200 m rechts den gepflasterten Weg hinauf gehen, oben rechts (schon fast im Wald), \u00a0befindet sich unser Vereinshaus.<\/p>\n\n\n<p><a href=\"https:\/\/www.kgv-kothener-wald.de\/?page_id=482\">Hier geht`s zur Datenschutzerkl\u00e4rung:<\/a><\/p>\n\n\n\n<p><a href=\"https:\/\/www.kgv-kothener-wald.de\/?page_id=20\" title=\"\">Hier geht`s zum Impressum&#8230;<\/a><\/p>\n","protected":false},"excerpt":{"rendered":"<p>Von weit her zu sehen liegt am Waldrand des Kothener Waldes unser Vereinshaus. Hier schmeckt der Kuchen am Sonntag Nachmittag und auch ein frisch gezapftes &#8222;Blondes&#8220; k\u00fchlt im Sommer manche Kehle. Die K\u00fcche bietet Platz f\u00fcr Vorbereitungen eines Buffets ebenso wie die M\u00f6glichkeit der Zubereitung kleinerer Snacks oder auch gr\u00f6\u00dferer Schmankerl. Die frisch renovierten und [&hellip;]<\/p>\n","protected":false},"author":1,"featured_media":0,"parent":2,"menu_order":0,"comment_status":"open","ping_status":"closed","template":"","meta":{"_themeisle_gutenberg_block_has_review":false,"footnotes":""},"class_list":["post-124","page","type-page","status-publish","hentry"],"aioseo_notices":[],"_links":{"self":[{"href":"https:\/\/www.kgv-kothener-wald.de\/index.php?rest_route=\/wp\/v2\/pages\/124","targetHints":{"allow":["GET"]}}],"collection":[{"href":"https:\/\/www.kgv-kothener-wald.de\/index.php?rest_route=\/wp\/v2\/pages"}],"about":[{"href":"https:\/\/www.kgv-kothener-wald.de\/index.php?rest_route=\/wp\/v2\/types\/page"}],"author":[{"embeddable":true,"href":"https:\/\/www.kgv-kothener-wald.de\/index.php?rest_route=\/wp\/v2\/users\/1"}],"replies":[{"embeddable":true,"href":"https:\/\/www.kgv-kothener-wald.de\/index.php?rest_route=%2Fwp%2Fv2%2Fcomments&post=124"}],"version-history":[{"count":15,"href":"https:\/\/www.kgv-kothener-wald.de\/index.php?rest_route=\/wp\/v2\/pages\/124\/revisions"}],"predecessor-version":[{"id":1933,"href":"https:\/\/www.kgv-kothener-wald.de\/index.php?rest_route=\/wp\/v2\/pages\/124\/revisions\/1933"}],"up":[{"embeddable":true,"href":"https:\/\/www.kgv-kothener-wald.de\/index.php?rest_route=\/wp\/v2\/pages\/2"}],"wp:attachment":[{"href":"https:\/\/www.kgv-kothener-wald.de\/index.php?rest_route=%2Fwp%2Fv2%2Fmedia&parent=124"}],"curies":[{"name":"wp","href":"https:\/\/api.w.org\/{rel}","templated":true}]}}